{"id":1509,"date":"2020-08-18T01:11:54","date_gmt":"2020-08-18T01:11:54","guid":{"rendered":"http:\/\/localhost\/mysite\/vi\/?page_id=1509"},"modified":"2020-12-21T06:45:20","modified_gmt":"2020-12-21T06:45:20","slug":"pricing","status":"publish","type":"page","link":"https:\/\/vivustandard.com\/vi\/pricing\/","title":{"rendered":"CH\u00cdNH S\u00c1CH GI\u00c1"},"content":{"rendered":"\n<div class=\"wp-block-columns\">\n<div class=\"wp-block-column\">\n<figure class=\"wp-block-table vtabPriceFree\"><table><thead><tr><th class=\"has-text-align-center\" data-align=\"center\">MI\u1ec4N PH\u00cd<br>2 TH\u00c1NG<\/th><\/tr><\/thead><tbody><tr><td class=\"has-text-align-center\" data-align=\"center\"><strong>0 VN\u0110<\/strong><\/td><\/tr><tr><td class=\"has-text-align-center\" data-align=\"center\"><strong>30<\/strong> <strong>L\u01b0\u1ee3t kh\u00e1m<\/strong> m\u1ed7i ng\u00e0y (T\u1ed1i \u0111a)<\/td><\/tr><tr><td class=\"has-text-align-center\" data-align=\"center\"><span class=\"has-inline-color has-black-color\">&#8211; <\/span><br><\/td><\/tr><tr><td class=\"has-text-align-center\" data-align=\"center\">H\u1ed7 tr\u1ee3 qua email<\/td><\/tr><tr><td class=\"has-text-align-center\" data-align=\"center\"><span class=\"has-inline-color has-black-color\">&#8211;<\/span><\/td><\/tr><\/tbody><\/table><figcaption><strong><em>Ph\u00f9 h\u1ee3p cho ph\u00f2ng kh\u00e1m c\u00f3 s\u1ed1 l\u01b0\u1ee3t b\u1ec7nh nh\u00e2n th\u1ea5p<\/em><\/strong><\/figcaption><\/figure>\n\n\n\n<p class=\"has-text-align-center has-black-color has-text-color\"><\/p>\n<\/div>\n\n\n\n<div class=\"wp-block-column\">\n<figure class=\"wp-block-table vtabPrice\"><table><thead><tr><th class=\"has-text-align-center\" data-align=\"center\">TR\u1ea2 PH\u00cd<br>LINH HO\u1ea0T<\/th><\/tr><\/thead><tbody><tr><td class=\"has-text-align-center\" data-align=\"center\"><strong>380 VN\u0110<\/strong>\/ L\u01b0\u1ee3t kh\u00e1m<\/td><\/tr><tr><td class=\"has-text-align-center\" data-align=\"center\"><strong>Kh\u00f4ng gi\u1edbi h\u1ea1n <\/strong>l\u01b0\u1ee3t kh\u00e1m m\u1ed7i ng\u00e0y<\/td><\/tr><tr><td class=\"has-text-align-center\" data-align=\"center\"><strong>Kh\u00f4ng h\u1ebft h\u1ea1n<\/strong><\/td><\/tr><tr><td class=\"has-text-align-center\" data-align=\"center\">H\u1ed7 tr\u1ee3 qua email<\/td><\/tr><tr><td class=\"has-text-align-center\" data-align=\"center\">Online chat 24\/7<\/td><\/tr><\/tbody><\/table><\/figure>\n\n\n\n<figure class=\"wp-block-table vtabPrice\"><table><thead><tr><th class=\"has-text-align-center\" data-align=\"center\">TR\u1ea2 PH\u00cd<br>LINH HO\u1ea0T<br>(C\u00f3 xu\u1ea5t nh\u1eadp thu\u1ed1c)<\/th><\/tr><\/thead><tbody><tr><td class=\"has-text-align-center\" data-align=\"center\"><strong>380 VN\u0110<\/strong>\/ L\u01b0\u1ee3t kh\u00e1m<\/td><\/tr><tr><td class=\"has-text-align-center\" data-align=\"center\"><strong>Kh\u00f4ng gi\u1edbi h\u1ea1n <\/strong>l\u01b0\u1ee3t kh\u00e1m m\u1ed7i ng\u00e0y<\/td><\/tr><tr><td class=\"has-text-align-center\" data-align=\"center\"><strong>Kh\u00f4ng h\u1ebft h\u1ea1n<\/strong><\/td><\/tr><tr><td class=\"has-text-align-center\" data-align=\"center\">H\u1ed7 tr\u1ee3 qua email<\/td><\/tr><tr><td class=\"has-text-align-center\" data-align=\"center\">Online chat 24\/7<\/td><\/tr><\/tbody><\/table><figcaption><strong><em>Ph\u00f9 h\u1ee3p v\u1edbi ph\u00f2ng kh\u00e1m m\u1edbi m\u1edf, c\u00f3 s\u1ed1 b\u1ec7nh nh\u00e2n ch\u01b0a \u1ed5n \u0111\u1ecbnh<\/em><\/strong><\/figcaption><\/figure>\n\n\n\n<p class=\"has-text-align-center has-black-color has-text-color\"><\/p>\n<\/div>\n\n\n\n<div class=\"wp-block-column\">\n<figure class=\"wp-block-table vtabPrice2\"><table><thead><tr><th class=\"has-text-align-center\" data-align=\"center\">TR\u1ea2 TR\u01af\u1edaC (th\u00e1ng-BASIC) <\/th><\/tr><\/thead><tbody><tr><td class=\"has-text-align-center\" data-align=\"center\"><strong>265.000 VN\u0110<\/strong>\/ Th\u00e1ng<\/td><\/tr><tr><td class=\"has-text-align-center\" data-align=\"center\"><strong>30 L\u01b0\u1ee3t kh\u00e1m<\/strong> m\u1ed7i ng\u00e0y (T\u1ed1i \u0111a)<\/td><\/tr><tr><td class=\"has-text-align-center\" data-align=\"center\">H\u1ebft h\u1ea1n sau 31 ng\u00e0y<\/td><\/tr><tr><td class=\"has-text-align-center\" data-align=\"center\">H\u1ed7 tr\u1ee3 thi\u1ebft l\u1eadp th\u00f4ng tin ban \u0111\u1ea7u<\/td><\/tr><tr><td class=\"has-text-align-center\" data-align=\"center\">H\u1ed7 tr\u1ee3 qua email<\/td><\/tr><tr><td class=\"has-text-align-center\" data-align=\"center\">Online chat 24\/7<\/td><\/tr><\/tbody><\/table><\/figure>\n\n\n\n<figure class=\"wp-block-table vtabPrice2\"><table><thead><tr><th class=\"has-text-align-center\" data-align=\"center\">TR\u1ea2 TR\u01af\u1edaC <br>(th\u00e1ng-PRO) <\/th><\/tr><\/thead><tbody><tr><td class=\"has-text-align-center\" data-align=\"center\"><strong>505.000 VN\u0110<\/strong>\/ Th\u00e1ng<\/td><\/tr><tr><td class=\"has-text-align-center\" data-align=\"center\"><strong>60 L\u01b0\u1ee3t kh\u00e1m<\/strong> m\u1ed7i ng\u00e0y (T\u1ed1i \u0111a)<\/td><\/tr><tr><td class=\"has-text-align-center\" data-align=\"center\">H\u1ebft h\u1ea1n sau 31 ng\u00e0y<\/td><\/tr><tr><td class=\"has-text-align-center\" data-align=\"center\">H\u1ed7 tr\u1ee3 thi\u1ebft l\u1eadp th\u00f4ng tin ban \u0111\u1ea7u<\/td><\/tr><tr><td class=\"has-text-align-center\" data-align=\"center\">H\u1ed7 tr\u1ee3 qua email<\/td><\/tr><tr><td class=\"has-text-align-center\" data-align=\"center\">Online chat 24\/7<\/td><\/tr><\/tbody><\/table><figcaption><strong><em>Ph\u00f9 h\u1ee3p v\u1edbi ph\u00f2ng kh\u00e1m \u0111\u00e3 ho\u1ea1t \u0111\u1ed9ng \u1ed5n \u0111\u1ecbnh. L\u01b0\u1ee3t b\u1ec7nh nh\u00e2n \u0111\u1ec1u<\/em><\/strong><\/figcaption><\/figure>\n\n\n\n<p class=\"has-text-align-center has-black-color has-text-color\"><\/p>\n<\/div>\n<\/div>\n\n\n\n<p><\/p>\n","protected":false},"excerpt":{"rendered":"<p>MI\u1ec4N PH\u00cd2 TH\u00c1NG 0 VN\u0110 30 L\u01b0\u1ee3t kh\u00e1m m\u1ed7i ng\u00e0y (T\u1ed1i \u0111a) &#8211; H\u1ed7 tr\u1ee3 qua email &#8211; Ph\u00f9 h\u1ee3p cho ph\u00f2ng kh\u00e1m c\u00f3 s\u1ed1 l\u01b0\u1ee3t b\u1ec7nh nh\u00e2n th\u1ea5p TR\u1ea2 &#8230;<\/p>\n","protected":false},"author":1,"featured_media":0,"parent":0,"menu_order":0,"comment_status":"closed","ping_status":"closed","template":"","meta":[],"_links":{"self":[{"href":"https:\/\/vivustandard.com\/vi\/wp-json\/wp\/v2\/pages\/1509"}],"collection":[{"href":"https:\/\/vivustandard.com\/vi\/wp-json\/wp\/v2\/pages"}],"about":[{"href":"https:\/\/vivustandard.com\/vi\/wp-json\/wp\/v2\/types\/page"}],"author":[{"embeddable":true,"href":"https:\/\/vivustandard.com\/vi\/wp-json\/wp\/v2\/users\/1"}],"replies":[{"embeddable":true,"href":"https:\/\/vivustandard.com\/vi\/wp-json\/wp\/v2\/comments?post=1509"}],"version-history":[{"count":56,"href":"https:\/\/vivustandard.com\/vi\/wp-json\/wp\/v2\/pages\/1509\/revisions"}],"predecessor-version":[{"id":2083,"href":"https:\/\/vivustandard.com\/vi\/wp-json\/wp\/v2\/pages\/1509\/revisions\/2083"}],"wp:attachment":[{"href":"https:\/\/vivustandard.com\/vi\/wp-json\/wp\/v2\/media?parent=1509"}],"curies":[{"name":"wp","href":"https:\/\/api.w.org\/{rel}","templated":true}]}}